{"id":32,"date":"2025-03-17T13:16:25","date_gmt":"2025-03-17T13:16:25","guid":{"rendered":"https:\/\/emsinfo.hu\/?page_id=32"},"modified":"2025-03-27T08:20:18","modified_gmt":"2025-03-27T08:20:18","slug":"letoltheto-anyagok","status":"publish","type":"page","link":"https:\/\/emsinfo.hu\/en\/letoltheto-anyagok\/","title":{"rendered":"Downloadable materials"},"content":{"rendered":"<div data-elementor-type=\"wp-page\" data-elementor-id=\"32\" class=\"elementor elementor-32\" data-elementor-post-type=\"page\">\n\t\t\t\t<div class=\"elementor-element elementor-element-1497f819 e-flex e-con-boxed e-con e-parent\" data-id=\"1497f819\" data-element_type=\"container\">\n\t\t\t\t\t<div class=\"e-con-inner\">\n\t\t<div class=\"elementor-element elementor-element-5ef34683 e-flex e-con-boxed e-con e-child\" data-id=\"5ef34683\" data-element_type=\"container\">\n\t\t\t\t\t<div class=\"e-con-inner\">\n\t\t\t\t<div class=\"elementor-element elementor-element-0c5b4c9 elementor-widget elementor-widget-heading\" data-id=\"0c5b4c9\" data-element_type=\"widget\" data-widget_type=\"heading.default\">\n\t\t\t\t<div class=\"elementor-widget-container\">\n\t\t\t\t\t<h1 class=\"elementor-heading-title elementor-size-default\">Downloadable materials<\/h1>\t\t\t\t<\/div>\n\t\t\t\t<\/div>\n\t\t\t\t\t<\/div>\n\t\t\t\t<\/div>\n\t\t<div class=\"elementor-element elementor-element-6a46ca25 e-flex e-con-boxed e-con e-child\" data-id=\"6a46ca25\" data-element_type=\"container\">\n\t\t\t\t\t<div class=\"e-con-inner\">\n\t\t\t\t<div class=\"elementor-element elementor-element-2c6fbeb8 elementor-widget__width-initial elementor-widget-mobile__width-inherit elementor-view-stacked elementor-shape-rounded elementor-position-top elementor-mobile-position-top elementor-widget elementor-widget-icon-box\" data-id=\"2c6fbeb8\" data-element_type=\"widget\" data-widget_type=\"icon-box.default\">\n\t\t\t\t<div class=\"elementor-widget-container\">\n\t\t\t\t\t\t\t<div class=\"elementor-icon-box-wrapper\">\n\n\t\t\t\t\t\t<div class=\"elementor-icon-box-icon\">\n\t\t\t\t<a href=\"https:\/\/emsinfo.hu\/wp-content\/uploads\/2025\/03\/TrackView-Pro-Transmitter-Data-Sheet.pdf\" class=\"elementor-icon elementor-animation-grow\" tabindex=\"-1\" aria-label=\"Downloadable document\">\n\t\t\t\t<svg aria-hidden=\"true\" class=\"e-font-icon-svg e-fas-download\" viewbox=\"0 0 512 512\" xmlns=\"http:\/\/www.w3.org\/2000\/svg\"><path d=\"M216 0h80c13.3 0 24 10.7 24 24v168h87.7c17.8 0 26.7 21.5 14.1 34.1L269.7 378.3c-7.5 7.5-19.8 7.5-27.3 0L90.1 226.1c-12.6-12.6-3.7-34.1 14.1-34.1H192V24c0-13.3 10.7-24 24-24zm296 376v112c0 13.3-10.7 24-24 24H24c-13.3 0-24-10.7-24-24V376c0-13.3 10.7-24 24-24h146.7l49 49c20.1 20.1 52.5 20.1 72.6 0l49-49H488c13.3 0 24 10.7 24 24zm-124 88c0-11-9-20-20-20s-20 9-20 20 9 20 20 20 20-9 20-20zm64 0c0-11-9-20-20-20s-20 9-20 20 9 20 20 20 20-9 20-20z\"><\/path><\/svg>\t\t\t\t<\/a>\n\t\t\t<\/div>\n\t\t\t\n\t\t\t\t\t\t<div class=\"elementor-icon-box-content\">\n\n\t\t\t\t\t\t\t\t\t<h3 class=\"elementor-icon-box-title\">\n\t\t\t\t\t\t<a href=\"https:\/\/emsinfo.hu\/wp-content\/uploads\/2025\/03\/TrackView-Pro-Transmitter-Data-Sheet.pdf\" >\n\t\t\t\t\t\t\tDownloadable document\t\t\t\t\t\t<\/a>\n\t\t\t\t\t<\/h3>\n\t\t\t\t\n\t\t\t\t\t\t\t\t\t<p class=\"elementor-icon-box-description\">\n\t\t\t\t\t\tDescription of the material in the document\t\t\t\t\t<\/p>\n\t\t\t\t\n\t\t\t<\/div>\n\t\t\t\n\t\t<\/div>\n\t\t\t\t\t\t<\/div>\n\t\t\t\t<\/div>\n\t\t\t\t<div class=\"elementor-element elementor-element-113ab59 elementor-widget__width-initial elementor-widget-mobile__width-inherit elementor-view-stacked elementor-shape-rounded elementor-position-top elementor-mobile-position-top elementor-widget elementor-widget-icon-box\" data-id=\"113ab59\" data-element_type=\"widget\" data-widget_type=\"icon-box.default\">\n\t\t\t\t<div class=\"elementor-widget-container\">\n\t\t\t\t\t\t\t<div class=\"elementor-icon-box-wrapper\">\n\n\t\t\t\t\t\t<div class=\"elementor-icon-box-icon\">\n\t\t\t\t<a href=\"https:\/\/emsinfo.hu\/wp-content\/uploads\/2025\/03\/TrackView-Pro-Transmitter-Data-Sheet.pdf\" class=\"elementor-icon elementor-animation-grow\" tabindex=\"-1\" aria-label=\"Downloadable document\">\n\t\t\t\t<svg aria-hidden=\"true\" class=\"e-font-icon-svg e-fas-download\" viewbox=\"0 0 512 512\" xmlns=\"http:\/\/www.w3.org\/2000\/svg\"><path d=\"M216 0h80c13.3 0 24 10.7 24 24v168h87.7c17.8 0 26.7 21.5 14.1 34.1L269.7 378.3c-7.5 7.5-19.8 7.5-27.3 0L90.1 226.1c-12.6-12.6-3.7-34.1 14.1-34.1H192V24c0-13.3 10.7-24 24-24zm296 376v112c0 13.3-10.7 24-24 24H24c-13.3 0-24-10.7-24-24V376c0-13.3 10.7-24 24-24h146.7l49 49c20.1 20.1 52.5 20.1 72.6 0l49-49H488c13.3 0 24 10.7 24 24zm-124 88c0-11-9-20-20-20s-20 9-20 20 9 20 20 20 20-9 20-20zm64 0c0-11-9-20-20-20s-20 9-20 20 9 20 20 20 20-9 20-20z\"><\/path><\/svg>\t\t\t\t<\/a>\n\t\t\t<\/div>\n\t\t\t\n\t\t\t\t\t\t<div class=\"elementor-icon-box-content\">\n\n\t\t\t\t\t\t\t\t\t<h3 class=\"elementor-icon-box-title\">\n\t\t\t\t\t\t<a href=\"https:\/\/emsinfo.hu\/wp-content\/uploads\/2025\/03\/TrackView-Pro-Transmitter-Data-Sheet.pdf\" >\n\t\t\t\t\t\t\tDownloadable document\t\t\t\t\t\t<\/a>\n\t\t\t\t\t<\/h3>\n\t\t\t\t\n\t\t\t\t\t\t\t\t\t<p class=\"elementor-icon-box-description\">\n\t\t\t\t\t\tDescription of the material in the document\t\t\t\t\t<\/p>\n\t\t\t\t\n\t\t\t<\/div>\n\t\t\t\n\t\t<\/div>\n\t\t\t\t\t\t<\/div>\n\t\t\t\t<\/div>\n\t\t\t\t<div class=\"elementor-element elementor-element-0a92277 elementor-widget__width-initial elementor-widget-mobile__width-inherit elementor-view-stacked elementor-shape-rounded elementor-position-top elementor-mobile-position-top elementor-widget elementor-widget-icon-box\" data-id=\"0a92277\" data-element_type=\"widget\" data-widget_type=\"icon-box.default\">\n\t\t\t\t<div class=\"elementor-widget-container\">\n\t\t\t\t\t\t\t<div class=\"elementor-icon-box-wrapper\">\n\n\t\t\t\t\t\t<div class=\"elementor-icon-box-icon\">\n\t\t\t\t<a href=\"https:\/\/emsinfo.hu\/wp-content\/uploads\/2025\/03\/TrackView-Pro-Transmitter-Data-Sheet.pdf\" class=\"elementor-icon elementor-animation-grow\" tabindex=\"-1\" aria-label=\"Downloadable document\">\n\t\t\t\t<svg aria-hidden=\"true\" class=\"e-font-icon-svg e-fas-download\" viewbox=\"0 0 512 512\" xmlns=\"http:\/\/www.w3.org\/2000\/svg\"><path d=\"M216 0h80c13.3 0 24 10.7 24 24v168h87.7c17.8 0 26.7 21.5 14.1 34.1L269.7 378.3c-7.5 7.5-19.8 7.5-27.3 0L90.1 226.1c-12.6-12.6-3.7-34.1 14.1-34.1H192V24c0-13.3 10.7-24 24-24zm296 376v112c0 13.3-10.7 24-24 24H24c-13.3 0-24-10.7-24-24V376c0-13.3 10.7-24 24-24h146.7l49 49c20.1 20.1 52.5 20.1 72.6 0l49-49H488c13.3 0 24 10.7 24 24zm-124 88c0-11-9-20-20-20s-20 9-20 20 9 20 20 20 20-9 20-20zm64 0c0-11-9-20-20-20s-20 9-20 20 9 20 20 20 20-9 20-20z\"><\/path><\/svg>\t\t\t\t<\/a>\n\t\t\t<\/div>\n\t\t\t\n\t\t\t\t\t\t<div class=\"elementor-icon-box-content\">\n\n\t\t\t\t\t\t\t\t\t<h3 class=\"elementor-icon-box-title\">\n\t\t\t\t\t\t<a href=\"https:\/\/emsinfo.hu\/wp-content\/uploads\/2025\/03\/TrackView-Pro-Transmitter-Data-Sheet.pdf\" >\n\t\t\t\t\t\t\tDownloadable document\t\t\t\t\t\t<\/a>\n\t\t\t\t\t<\/h3>\n\t\t\t\t\n\t\t\t\t\t\t\t\t\t<p class=\"elementor-icon-box-description\">\n\t\t\t\t\t\tDescription of the material in the document\t\t\t\t\t<\/p>\n\t\t\t\t\n\t\t\t<\/div>\n\t\t\t\n\t\t<\/div>\n\t\t\t\t\t\t<\/div>\n\t\t\t\t<\/div>\n\t\t\t\t<div class=\"elementor-element elementor-element-7b5f666 elementor-widget__width-initial elementor-widget-mobile__width-inherit elementor-view-stacked elementor-shape-rounded elementor-position-top elementor-mobile-position-top elementor-widget elementor-widget-icon-box\" data-id=\"7b5f666\" data-element_type=\"widget\" data-widget_type=\"icon-box.default\">\n\t\t\t\t<div class=\"elementor-widget-container\">\n\t\t\t\t\t\t\t<div class=\"elementor-icon-box-wrapper\">\n\n\t\t\t\t\t\t<div class=\"elementor-icon-box-icon\">\n\t\t\t\t<a href=\"https:\/\/emsinfo.hu\/wp-content\/uploads\/2025\/03\/TrackView-Pro-Transmitter-Data-Sheet.pdf\" class=\"elementor-icon elementor-animation-grow\" tabindex=\"-1\" aria-label=\"Downloadable document\">\n\t\t\t\t<svg aria-hidden=\"true\" class=\"e-font-icon-svg e-fas-download\" viewbox=\"0 0 512 512\" xmlns=\"http:\/\/www.w3.org\/2000\/svg\"><path d=\"M216 0h80c13.3 0 24 10.7 24 24v168h87.7c17.8 0 26.7 21.5 14.1 34.1L269.7 378.3c-7.5 7.5-19.8 7.5-27.3 0L90.1 226.1c-12.6-12.6-3.7-34.1 14.1-34.1H192V24c0-13.3 10.7-24 24-24zm296 376v112c0 13.3-10.7 24-24 24H24c-13.3 0-24-10.7-24-24V376c0-13.3 10.7-24 24-24h146.7l49 49c20.1 20.1 52.5 20.1 72.6 0l49-49H488c13.3 0 24 10.7 24 24zm-124 88c0-11-9-20-20-20s-20 9-20 20 9 20 20 20 20-9 20-20zm64 0c0-11-9-20-20-20s-20 9-20 20 9 20 20 20 20-9 20-20z\"><\/path><\/svg>\t\t\t\t<\/a>\n\t\t\t<\/div>\n\t\t\t\n\t\t\t\t\t\t<div class=\"elementor-icon-box-content\">\n\n\t\t\t\t\t\t\t\t\t<h3 class=\"elementor-icon-box-title\">\n\t\t\t\t\t\t<a href=\"https:\/\/emsinfo.hu\/wp-content\/uploads\/2025\/03\/TrackView-Pro-Transmitter-Data-Sheet.pdf\" >\n\t\t\t\t\t\t\tDownloadable document\t\t\t\t\t\t<\/a>\n\t\t\t\t\t<\/h3>\n\t\t\t\t\n\t\t\t\t\t\t\t\t\t<p class=\"elementor-icon-box-description\">\n\t\t\t\t\t\tDescription of the material in the document\t\t\t\t\t<\/p>\n\t\t\t\t\n\t\t\t<\/div>\n\t\t\t\n\t\t<\/div>\n\t\t\t\t\t\t<\/div>\n\t\t\t\t<\/div>\n\t\t\t\t<div class=\"elementor-element elementor-element-833a69b elementor-widget__width-initial elementor-widget-mobile__width-inherit elementor-view-stacked elementor-shape-rounded elementor-position-top elementor-mobile-position-top elementor-widget elementor-widget-icon-box\" data-id=\"833a69b\" data-element_type=\"widget\" data-widget_type=\"icon-box.default\">\n\t\t\t\t<div class=\"elementor-widget-container\">\n\t\t\t\t\t\t\t<div class=\"elementor-icon-box-wrapper\">\n\n\t\t\t\t\t\t<div class=\"elementor-icon-box-icon\">\n\t\t\t\t<a href=\"https:\/\/emsinfo.hu\/wp-content\/uploads\/2025\/03\/TrackView-Pro-Transmitter-Data-Sheet.pdf\" class=\"elementor-icon elementor-animation-grow\" tabindex=\"-1\" aria-label=\"Downloadable document\">\n\t\t\t\t<svg aria-hidden=\"true\" class=\"e-font-icon-svg e-fas-download\" viewbox=\"0 0 512 512\" xmlns=\"http:\/\/www.w3.org\/2000\/svg\"><path d=\"M216 0h80c13.3 0 24 10.7 24 24v168h87.7c17.8 0 26.7 21.5 14.1 34.1L269.7 378.3c-7.5 7.5-19.8 7.5-27.3 0L90.1 226.1c-12.6-12.6-3.7-34.1 14.1-34.1H192V24c0-13.3 10.7-24 24-24zm296 376v112c0 13.3-10.7 24-24 24H24c-13.3 0-24-10.7-24-24V376c0-13.3 10.7-24 24-24h146.7l49 49c20.1 20.1 52.5 20.1 72.6 0l49-49H488c13.3 0 24 10.7 24 24zm-124 88c0-11-9-20-20-20s-20 9-20 20 9 20 20 20 20-9 20-20zm64 0c0-11-9-20-20-20s-20 9-20 20 9 20 20 20 20-9 20-20z\"><\/path><\/svg>\t\t\t\t<\/a>\n\t\t\t<\/div>\n\t\t\t\n\t\t\t\t\t\t<div class=\"elementor-icon-box-content\">\n\n\t\t\t\t\t\t\t\t\t<h3 class=\"elementor-icon-box-title\">\n\t\t\t\t\t\t<a href=\"https:\/\/emsinfo.hu\/wp-content\/uploads\/2025\/03\/TrackView-Pro-Transmitter-Data-Sheet.pdf\" >\n\t\t\t\t\t\t\tDownloadable document\t\t\t\t\t\t<\/a>\n\t\t\t\t\t<\/h3>\n\t\t\t\t\n\t\t\t\t\t\t\t\t\t<p class=\"elementor-icon-box-description\">\n\t\t\t\t\t\tDescription of the material in the document\t\t\t\t\t<\/p>\n\t\t\t\t\n\t\t\t<\/div>\n\t\t\t\n\t\t<\/div>\n\t\t\t\t\t\t<\/div>\n\t\t\t\t<\/div>\n\t\t\t\t<div class=\"elementor-element elementor-element-412395f elementor-widget__width-initial elementor-widget-mobile__width-inherit elementor-view-stacked elementor-shape-rounded elementor-position-top elementor-mobile-position-top elementor-widget elementor-widget-icon-box\" data-id=\"412395f\" data-element_type=\"widget\" data-widget_type=\"icon-box.default\">\n\t\t\t\t<div class=\"elementor-widget-container\">\n\t\t\t\t\t\t\t<div class=\"elementor-icon-box-wrapper\">\n\n\t\t\t\t\t\t<div class=\"elementor-icon-box-icon\">\n\t\t\t\t<a href=\"https:\/\/emsinfo.hu\/wp-content\/uploads\/2025\/03\/TrackView-Pro-Transmitter-Data-Sheet.pdf\" class=\"elementor-icon elementor-animation-grow\" tabindex=\"-1\" aria-label=\"Downloadable document\">\n\t\t\t\t<svg aria-hidden=\"true\" class=\"e-font-icon-svg e-fas-download\" viewbox=\"0 0 512 512\" xmlns=\"http:\/\/www.w3.org\/2000\/svg\"><path d=\"M216 0h80c13.3 0 24 10.7 24 24v168h87.7c17.8 0 26.7 21.5 14.1 34.1L269.7 378.3c-7.5 7.5-19.8 7.5-27.3 0L90.1 226.1c-12.6-12.6-3.7-34.1 14.1-34.1H192V24c0-13.3 10.7-24 24-24zm296 376v112c0 13.3-10.7 24-24 24H24c-13.3 0-24-10.7-24-24V376c0-13.3 10.7-24 24-24h146.7l49 49c20.1 20.1 52.5 20.1 72.6 0l49-49H488c13.3 0 24 10.7 24 24zm-124 88c0-11-9-20-20-20s-20 9-20 20 9 20 20 20 20-9 20-20zm64 0c0-11-9-20-20-20s-20 9-20 20 9 20 20 20 20-9 20-20z\"><\/path><\/svg>\t\t\t\t<\/a>\n\t\t\t<\/div>\n\t\t\t\n\t\t\t\t\t\t<div class=\"elementor-icon-box-content\">\n\n\t\t\t\t\t\t\t\t\t<h3 class=\"elementor-icon-box-title\">\n\t\t\t\t\t\t<a href=\"https:\/\/emsinfo.hu\/wp-content\/uploads\/2025\/03\/TrackView-Pro-Transmitter-Data-Sheet.pdf\" >\n\t\t\t\t\t\t\tDownloadable document\t\t\t\t\t\t<\/a>\n\t\t\t\t\t<\/h3>\n\t\t\t\t\n\t\t\t\t\t\t\t\t\t<p class=\"elementor-icon-box-description\">\n\t\t\t\t\t\tDescription of the material in the document\t\t\t\t\t<\/p>\n\t\t\t\t\n\t\t\t<\/div>\n\t\t\t\n\t\t<\/div>\n\t\t\t\t\t\t<\/div>\n\t\t\t\t<\/div>\n\t\t\t\t\t<\/div>\n\t\t\t\t<\/div>\n\t\t\t\t\t<\/div>\n\t\t\t\t<\/div>\n\t\t\t\t<\/div>","protected":false},"excerpt":{"rendered":"<p>Downloadable material Downloadable document Description of material in the document Downloadable document Description of material in the document Downloadable document Description of material in the document Downloadable document Description of material in the document Downloadable document Description of material in the document Downloadable document Description of material in the document Downloadable document Description of material in the document<\/p>","protected":false},"author":1,"featured_media":0,"parent":0,"menu_order":0,"comment_status":"closed","ping_status":"closed","template":"elementor_header_footer","meta":{"footnotes":""},"class_list":["post-32","page","type-page","status-publish","hentry"],"yoast_head":"<!-- This site is optimized with the Yoast SEO plugin v24.7 - https:\/\/yoast.com\/wordpress\/plugins\/seo\/ -->\n<title>Let\u00f6lthet\u0151 anyagok - EMS Info<\/title>\n<meta name=\"robots\" content=\"index, follow, max-snippet:-1, max-image-preview:large, max-video-preview:-1\" \/>\n<link rel=\"canonical\" href=\"https:\/\/emsinfo.hu\/en\/letoltheto-anyagok\/\" \/>\n<meta property=\"og:locale\" content=\"en_GB\" \/>\n<meta property=\"og:type\" content=\"article\" \/>\n<meta property=\"og:title\" content=\"Let\u00f6lthet\u0151 anyagok - EMS Info\" \/>\n<meta property=\"og:description\" content=\"Let\u00f6lthet\u0151 anyagok Let\u00f6lthet\u0151 dokumentum Le\u00edr\u00e1s a dokumentumban tal\u00e1lhat\u00f3 anyagokr\u00f3l Let\u00f6lthet\u0151 dokumentum Le\u00edr\u00e1s a dokumentumban tal\u00e1lhat\u00f3 anyagokr\u00f3l Let\u00f6lthet\u0151 dokumentum Le\u00edr\u00e1s a dokumentumban tal\u00e1lhat\u00f3 anyagokr\u00f3l Let\u00f6lthet\u0151 dokumentum Le\u00edr\u00e1s a dokumentumban tal\u00e1lhat\u00f3 anyagokr\u00f3l Let\u00f6lthet\u0151 dokumentum Le\u00edr\u00e1s a dokumentumban tal\u00e1lhat\u00f3 anyagokr\u00f3l Let\u00f6lthet\u0151 dokumentum Le\u00edr\u00e1s a dokumentumban tal\u00e1lhat\u00f3 anyagokr\u00f3l\" \/>\n<meta property=\"og:url\" content=\"https:\/\/emsinfo.hu\/en\/letoltheto-anyagok\/\" \/>\n<meta property=\"og:site_name\" content=\"EMS Info\" \/>\n<meta property=\"article:modified_time\" content=\"2025-03-27T08:20:18+00:00\" \/>\n<meta name=\"twitter:card\" content=\"summary_large_image\" \/>\n<meta name=\"twitter:label1\" content=\"Estimated reading time\" \/>\n\t<meta name=\"twitter:data1\" content=\"1 minute\" \/>\n<script type=\"application\/ld+json\" class=\"yoast-schema-graph\">{\"@context\":\"https:\/\/schema.org\",\"@graph\":[{\"@type\":\"WebPage\",\"@id\":\"https:\/\/emsinfo.hu\/letoltheto-anyagok\/\",\"url\":\"https:\/\/emsinfo.hu\/letoltheto-anyagok\/\",\"name\":\"Let\u00f6lthet\u0151 anyagok - EMS Info\",\"isPartOf\":{\"@id\":\"https:\/\/emsinfo.hu\/#website\"},\"datePublished\":\"2025-03-17T13:16:25+00:00\",\"dateModified\":\"2025-03-27T08:20:18+00:00\",\"breadcrumb\":{\"@id\":\"https:\/\/emsinfo.hu\/letoltheto-anyagok\/#breadcrumb\"},\"inLanguage\":\"en-GB\",\"potentialAction\":[{\"@type\":\"ReadAction\",\"target\":[\"https:\/\/emsinfo.hu\/letoltheto-anyagok\/\"]}]},{\"@type\":\"BreadcrumbList\",\"@id\":\"https:\/\/emsinfo.hu\/letoltheto-anyagok\/#breadcrumb\",\"itemListElement\":[{\"@type\":\"ListItem\",\"position\":1,\"name\":\"Kezd\u0151lap\",\"item\":\"https:\/\/emsinfo.hu\/\"},{\"@type\":\"ListItem\",\"position\":2,\"name\":\"Let\u00f6lthet\u0151 anyagok\"}]},{\"@type\":\"WebSite\",\"@id\":\"https:\/\/emsinfo.hu\/#website\",\"url\":\"https:\/\/emsinfo.hu\/\",\"name\":\"EMS Info\",\"description\":\"GxP-megfelel\u0151s\u00e9gi k\u00f6rnyezetmonitoroz\u00f3 rendszer az Ellab TrackView\u2122 Pro \u00e9s EMSuite\u2122 integr\u00e1lt megold\u00e1s\u00e1val \u2013 megb\u00edzhat\u00f3 adatgy\u0171jt\u00e9s, riaszt\u00e1s \u00e9s valid\u00e1l\u00e1s.\",\"publisher\":{\"@id\":\"https:\/\/emsinfo.hu\/#organization\"},\"potentialAction\":[{\"@type\":\"SearchAction\",\"target\":{\"@type\":\"EntryPoint\",\"urlTemplate\":\"https:\/\/emsinfo.hu\/?s={search_term_string}\"},\"query-input\":{\"@type\":\"PropertyValueSpecification\",\"valueRequired\":true,\"valueName\":\"search_term_string\"}}],\"inLanguage\":\"en-GB\"},{\"@type\":\"Organization\",\"@id\":\"https:\/\/emsinfo.hu\/#organization\",\"name\":\"EMS Info\",\"url\":\"https:\/\/emsinfo.hu\/\",\"logo\":{\"@type\":\"ImageObject\",\"inLanguage\":\"en-GB\",\"@id\":\"https:\/\/emsinfo.hu\/#\/schema\/logo\/image\/\",\"url\":\"https:\/\/emsinfo.hu\/wp-content\/uploads\/2025\/03\/emsinfologo.png\",\"contentUrl\":\"https:\/\/emsinfo.hu\/wp-content\/uploads\/2025\/03\/emsinfologo.png\",\"width\":671,\"height\":181,\"caption\":\"EMS Info\"},\"image\":{\"@id\":\"https:\/\/emsinfo.hu\/#\/schema\/logo\/image\/\"}}]}<\/script>\n<!-- \/ Yoast SEO plugin. -->","yoast_head_json":{"title":"Let\u00f6lthet\u0151 anyagok - EMS Info","robots":{"index":"index","follow":"follow","max-snippet":"max-snippet:-1","max-image-preview":"max-image-preview:large","max-video-preview":"max-video-preview:-1"},"canonical":"https:\/\/emsinfo.hu\/en\/letoltheto-anyagok\/","og_locale":"en_GB","og_type":"article","og_title":"Let\u00f6lthet\u0151 anyagok - EMS Info","og_description":"Let\u00f6lthet\u0151 anyagok Let\u00f6lthet\u0151 dokumentum Le\u00edr\u00e1s a dokumentumban tal\u00e1lhat\u00f3 anyagokr\u00f3l Let\u00f6lthet\u0151 dokumentum Le\u00edr\u00e1s a dokumentumban tal\u00e1lhat\u00f3 anyagokr\u00f3l Let\u00f6lthet\u0151 dokumentum Le\u00edr\u00e1s a dokumentumban tal\u00e1lhat\u00f3 anyagokr\u00f3l Let\u00f6lthet\u0151 dokumentum Le\u00edr\u00e1s a dokumentumban tal\u00e1lhat\u00f3 anyagokr\u00f3l Let\u00f6lthet\u0151 dokumentum Le\u00edr\u00e1s a dokumentumban tal\u00e1lhat\u00f3 anyagokr\u00f3l Let\u00f6lthet\u0151 dokumentum Le\u00edr\u00e1s a dokumentumban tal\u00e1lhat\u00f3 anyagokr\u00f3l","og_url":"https:\/\/emsinfo.hu\/en\/letoltheto-anyagok\/","og_site_name":"EMS Info","article_modified_time":"2025-03-27T08:20:18+00:00","twitter_card":"summary_large_image","twitter_misc":{"Estimated reading time":"1 minute"},"schema":{"@context":"https:\/\/schema.org","@graph":[{"@type":"WebPage","@id":"https:\/\/emsinfo.hu\/letoltheto-anyagok\/","url":"https:\/\/emsinfo.hu\/letoltheto-anyagok\/","name":"Let\u00f6lthet\u0151 anyagok - EMS Info","isPartOf":{"@id":"https:\/\/emsinfo.hu\/#website"},"datePublished":"2025-03-17T13:16:25+00:00","dateModified":"2025-03-27T08:20:18+00:00","breadcrumb":{"@id":"https:\/\/emsinfo.hu\/letoltheto-anyagok\/#breadcrumb"},"inLanguage":"en-GB","potentialAction":[{"@type":"ReadAction","target":["https:\/\/emsinfo.hu\/letoltheto-anyagok\/"]}]},{"@type":"BreadcrumbList","@id":"https:\/\/emsinfo.hu\/letoltheto-anyagok\/#breadcrumb","itemListElement":[{"@type":"ListItem","position":1,"name":"Kezd\u0151lap","item":"https:\/\/emsinfo.hu\/"},{"@type":"ListItem","position":2,"name":"Let\u00f6lthet\u0151 anyagok"}]},{"@type":"WebSite","@id":"https:\/\/emsinfo.hu\/#website","url":"https:\/\/emsinfo.hu\/","name":"EMS Info","description":"GxP-megfelel\u0151s\u00e9gi k\u00f6rnyezetmonitoroz\u00f3 rendszer az Ellab TrackView\u2122 Pro \u00e9s EMSuite\u2122 integr\u00e1lt megold\u00e1s\u00e1val \u2013 megb\u00edzhat\u00f3 adatgy\u0171jt\u00e9s, riaszt\u00e1s \u00e9s valid\u00e1l\u00e1s.","publisher":{"@id":"https:\/\/emsinfo.hu\/#organization"},"potentialAction":[{"@type":"SearchAction","target":{"@type":"EntryPoint","urlTemplate":"https:\/\/emsinfo.hu\/?s={search_term_string}"},"query-input":{"@type":"PropertyValueSpecification","valueRequired":true,"valueName":"search_term_string"}}],"inLanguage":"en-GB"},{"@type":"Organization","@id":"https:\/\/emsinfo.hu\/#organization","name":"EMS Info","url":"https:\/\/emsinfo.hu\/","logo":{"@type":"ImageObject","inLanguage":"en-GB","@id":"https:\/\/emsinfo.hu\/#\/schema\/logo\/image\/","url":"https:\/\/emsinfo.hu\/wp-content\/uploads\/2025\/03\/emsinfologo.png","contentUrl":"https:\/\/emsinfo.hu\/wp-content\/uploads\/2025\/03\/emsinfologo.png","width":671,"height":181,"caption":"EMS Info"},"image":{"@id":"https:\/\/emsinfo.hu\/#\/schema\/logo\/image\/"}}]}},"_links":{"self":[{"href":"https:\/\/emsinfo.hu\/en\/wp-json\/wp\/v2\/pages\/32","targetHints":{"allow":["GET"]}}],"collection":[{"href":"https:\/\/emsinfo.hu\/en\/wp-json\/wp\/v2\/pages"}],"about":[{"href":"https:\/\/emsinfo.hu\/en\/wp-json\/wp\/v2\/types\/page"}],"author":[{"embeddable":true,"href":"https:\/\/emsinfo.hu\/en\/wp-json\/wp\/v2\/users\/1"}],"replies":[{"embeddable":true,"href":"https:\/\/emsinfo.hu\/en\/wp-json\/wp\/v2\/comments?post=32"}],"version-history":[{"count":49,"href":"https:\/\/emsinfo.hu\/en\/wp-json\/wp\/v2\/pages\/32\/revisions"}],"predecessor-version":[{"id":821,"href":"https:\/\/emsinfo.hu\/en\/wp-json\/wp\/v2\/pages\/32\/revisions\/821"}],"wp:attachment":[{"href":"https:\/\/emsinfo.hu\/en\/wp-json\/wp\/v2\/media?parent=32"}],"curies":[{"name":"wp","href":"https:\/\/api.w.org\/{rel}","templated":true}]}}